{"id":12294,"date":"2022-01-29T08:08:10","date_gmt":"2022-01-29T08:08:10","guid":{"rendered":"https:\/\/destinydecor.es\/avviso-legale\/"},"modified":"2024-07-12T06:48:43","modified_gmt":"2024-07-12T06:48:43","slug":"avviso-legale","status":"publish","type":"page","link":"https:\/\/destinydecor.es\/it\/avviso-legale\/","title":{"rendered":"Avviso legale"},"content":{"rendered":"\t\t<div data-elementor-type=\"wp-page\" data-elementor-id=\"12294\" class=\"elementor elementor-12294 elementor-7546\">\n\t\t\t\t\t\t\t\t\t<section class=\"elementor-section elementor-top-section elementor-element elementor-element-27e725ed elementor-section-boxed elementor-section-height-default elementor-section-height-default qodef-elementor-content-no qodef-elementor-overlay-no\" data-id=\"27e725ed\" data-element_type=\"section\">\n\t\t\t\t\t\t<div class=\"elementor-container elementor-column-gap-default\">\n\t\t\t\t\t<div class=\"elementor-column elementor-col-100 elementor-top-column elementor-element elementor-element-6c4d4867\" data-id=\"6c4d4867\" data-element_type=\"column\">\n\t\t\t<div class=\"elementor-widget-wrap elementor-element-populated\">\n\t\t\t\t\t\t\t\t<div class=\"elementor-element elementor-element-85cd01d elementor-widget elementor-widget-text-editor\" data-id=\"85cd01d\" data-element_type=\"widget\" data-widget_type=\"text-editor.default\">\n\t\t\t\t<div class=\"elementor-widget-container\">\n\t\t\t<style>\/*! elementor - v3.14.0 - 26-06-2023 *\/\n.elementor-widget-text-editor.elementor-drop-cap-view-stacked .elementor-drop-cap{background-color:#69727d;color:#fff}.elementor-widget-text-editor.elementor-drop-cap-view-framed .elementor-drop-cap{color:#69727d;border:3px solid;background-color:transparent}.elementor-widget-text-editor:not(.elementor-drop-cap-view-default) .elementor-drop-cap{margin-top:8px}.elementor-widget-text-editor:not(.elementor-drop-cap-view-default) .elementor-drop-cap-letter{width:1em;height:1em}.elementor-widget-text-editor .elementor-drop-cap{float:left;text-align:center;line-height:1;font-size:50px}.elementor-widget-text-editor .elementor-drop-cap-letter{display:inline-block}<\/style>\t\t\t\t<p>AVVISO LEGALE<\/p>\n<p>1. SCOPO<br \/>\nIl presente avviso legale regola l&#8217;uso e l&#8217;utilizzo del sito web destinydecor.es , di propriet\u00e0 di Destiny Decor SL (di seguito IL PROPRIETARIO DEL SITO WEB). IL PROPRIETARIO DEL SITO mette a disposizione degli utenti il presente documento in conformit\u00e0 alle disposizioni del Regolamento (UE) 2016\/679 del Parlamento europeo e del Consiglio, del 27 aprile 2016, relativo alla protezione delle persone fisiche con riguardo al trattamento dei dati personali, nonch\u00e9 alla libera circolazione di tali dati (di seguito, il &#8220;RGPD&#8221;), e la Legge Organica 3\/2018, del 5 dicembre, sulla protezione dei dati personali e la garanzia dei diritti digitali (LOPDGDD), al fine di informare tutti gli utenti del sito web in merito alle condizioni di utilizzo dello stesso.La navigazione sul sito web del PROPRIETARIO DEL SITO conferisce la condizione di UTENTE dello stesso e implica l&#8217;accettazione integrale e senza riserve di tutte le condizioni pubblicate nel presente avviso legale, con l&#8217;avvertenza che tali condizioni possono essere modificate senza preavviso da parte del PROPRIETARIO DEL SITO, nel qual caso saranno pubblicate e notificate con il massimo anticipo possibile. Si consiglia pertanto di leggerne attentamente il contenuto se si desidera accedere e utilizzare le informazioni e i servizi offerti da questo sito web. L&#8217;utente \u00e8 inoltre tenuto a fare un uso corretto del sito web nel rispetto della legge, della buona fede, dell&#8217;ordine pubblico, degli usi del traffico e del presente Avviso Legale, e sar\u00e0 responsabile nei confronti del PROPRIETARIO DEL SITO WEB o di terzi per i danni eventualmente causati dall&#8217;inosservanza di tale obbligo. Qualsiasi uso diverso da quello autorizzato \u00e8 espressamente vietato e il PROPRIETARIO DEL SITO WEB pu\u00f2 negare o revocare l&#8217;accesso e l&#8217;uso in qualsiasi momento.<\/p>\n<p>2. IDENTIFICAZIONE<br \/>\nIL PROPRIETARIO DEL SITO WEB, in conformit\u00e0 con la Legge 34\/2002, dell&#8217;11 luglio, sui servizi della societ\u00e0 dell&#8217;informazione e del commercio elettronico, informa che:<\/p>\n<p>La sua ragione sociale \u00e8: Destiny Decor SL<br \/>\nIl suo numero di partita IVA \u00e8: B42618231<br \/>\nLa sua sede legale \u00e8 in: Avenida Francisco Vitoria Laporta, 16, Muro de Alcoy, 03830 , Alicante<\/p>\n<p>3. COMUNICAZIONI<br \/>\nPer comunicare con noi, vi mettiamo a disposizione diversi mezzi di contatto, indicati di seguito:<\/p>\n<p>Email: info@destinydecor.es<br \/>\nTutte le notifiche e le comunicazioni tra gli utenti e il PROPRIETARIO DEL SITO WEB saranno considerate efficaci, a tutti gli effetti, quando vengono effettuate attraverso uno dei mezzi sopra indicati.<\/p>\n<p>4. CONDIZIONI DI ACCESSO E DI UTILIZZO<br \/>\nIl sito web e i suoi servizi sono di libero accesso. Tuttavia, il PROPRIETARIO DEL SITO WEB pu\u00f2 condizionare l&#8217;utilizzo di alcuni servizi offerti sul suo sito web alla previa compilazione del modulo corrispondente. L&#8217;utente garantisce l&#8217;autenticit\u00e0 e l&#8217;attualit\u00e0 di tutti i dati forniti al PROPRIETARIO DEL SITO WEB ed \u00e8 l&#8217;unico responsabile di eventuali dichiarazioni false o inesatte. L&#8217;utente si impegna espressamente a fare un uso appropriato dei contenuti e dei servizi del PROPRIETARIO DEL SITO WEB e a non utilizzarli, tra l&#8217;altro, per:<\/p>\n<p>a. Diffondere contenuti criminali, violenti, pornografici, razzisti, xenofobi, offensivi o terroristici o, in generale, contrari alla legge o all&#8217;ordine pubblico.<br \/>\nb. Introdurre nella rete virus informatici o compiere azioni in grado di alterare, danneggiare, interrompere o generare errori o danni a documenti elettronici, dati o sistemi fisici e logici del PROPRIETARIO DEL SITO WEB o di terzi; nonch\u00e9 ostacolare l&#8217;accesso di altri utenti al sito web e ai suoi servizi attraverso il consumo massiccio delle risorse informatiche con cui il PROPRIETARIO DEL SITO WEB fornisce i suoi servizi.<br \/>\nc. Tentare di accedere agli account di posta elettronica di altri utenti o ad aree riservate dei sistemi informatici del PROPRIETARIO DEL SITO WEB o di terzi e, se del caso, estrarre informazioni.<\/p>\n<p>d. Violare i diritti di propriet\u00e0 intellettuale o industriale, nonch\u00e9 la riservatezza delle informazioni del PROPRIETARIO DEL SITO WEB o di terzi.<br \/>\ne. Impersonare l&#8217;identit\u00e0 di qualsiasi altro utente.<br \/>\nf. Riprodurre, copiare, distribuire, mettere a disposizione, o qualsiasi altra forma di comunicazione pubblica, trasformare o modificare i contenuti, a meno che non sia autorizzato dal titolare dei relativi diritti o sia legalmente consentito.<br \/>\ng. Raccogliere dati a scopo pubblicitario e inviare pubblicit\u00e0 di qualsiasi tipo e comunicazioni a scopo di vendita o altro di natura commerciale senza previa richiesta o consenso.<\/p>\n<p>Tutti i contenuti del sito web, quali testi, fotografie, grafica, immagini, icone, tecnologia, software, nonch\u00e9 la sua progettazione grafica e i codici sorgente, costituiscono un&#8217;opera la cui propriet\u00e0 appartiene al PROPRIETARIO DEL SITO WEB e non possono essere intesi come trasferito all&#8217;utente nessuno dei diritti di sfruttamento su di essi oltre quanto strettamente necessario per il corretto utilizzo del sito web. In breve, gli utenti che accedono a questo sito web possono visionarne i contenuti e farne, se del caso, copie private autorizzate purch\u00e9 gli elementi riprodotti non siano successivamente ceduti a terzi, n\u00e9 siano installati su server collegati a reti, n\u00e9 siano soggetti a nessun tipo di sfruttamento. Allo stesso modo, tutti i marchi, nomi commerciali o segni distintivi di qualsiasi tipo che compaiono sul sito web sono di propriet\u00e0 del PROPRIETARIO DEL SITO WEB, senza che si intenda che l&#8217;uso o l&#8217;accesso allo stesso conferisca all&#8217;utente alcun diritto su di essi. \u00c8 vietata la distribuzione, la modifica, il trasferimento o la comunicazione pubblica dei contenuti e qualsiasi altro atto che non sia stato espressamente autorizzato dal titolare dei diritti di sfruttamento. La creazione di un collegamento ipertestuale non implica in nessun caso l&#8217;esistenza di rapporti tra il PROPRIETARIO DEL SITO WEB e il proprietario del sito web sul quale \u00e8 stabilito, n\u00e9 l&#8217;accettazione e l&#8217;approvazione da parte del PROPRIETARIO DEL SITO WEB dei suoi contenuti o servizi. Il PROPRIETARIO DEL SITO WEB non \u00e8 responsabile dell&#8217;uso che ciascun utente fa dei materiali messi a disposizione su questo sito web o delle azioni svolte sulla base di essi.<\/p>\n<p>4.1. ESCLUSIONE DI GARANZIE E RESPONSABILIT\u00c0 NELL&#8217;ACCESSO E NELL&#8217;UTILIZZO<br \/>\nIl contenuto di questo sito web \u00e8 di carattere generale e ha uno scopo puramente informativo, senza garantire pienamente l&#8217;accesso a tutti i contenuti, n\u00e9 la sua completezza, correttezza, validit\u00e0 o attualit\u00e0, n\u00e9 la sua idoneit\u00e0 o utilit\u00e0 per un obiettivo specifico. IL PROPRIETARIO DEL SITO WEB esclude, nella misura consentita dall&#8217;ordinamento giuridico, qualsiasi responsabilit\u00e0 per danni di qualsiasi tipo derivanti da:<\/p>\n<p>a. L&#8217;impossibilit\u00e0 di accesso al sito web o la mancanza di veridicit\u00e0, accuratezza, completezza e\/o attualit\u00e0 dei contenuti, nonch\u00e9 l&#8217;esistenza di vizi e difetti di ogni genere dei contenuti trasmessi, diffusi, archiviati, messi a disposizione, a cui si \u00e8 avuto accesso tramite il sito web o i servizi offerti.<br \/>\nb. La presenza di virus o altri elementi nei contenuti che potrebbero causare alterazioni nei sistemi informatici, nei documenti elettronici o nei dati dell&#8217;utente.<br \/>\nc. Inosservanza delle leggi, della buona fede, dell&#8217;ordine pubblico, delle pratiche stradali e della presente nota legale a causa di un utilizzo non corretto del sito web. In particolare, e a titolo esemplificativo, IL PROPRIETARIO DEL SITO WEB non \u00e8 responsabile delle azioni di terzi che violano i diritti di propriet\u00e0 intellettuale e industriale, i segreti aziendali, i diritti all&#8217;onore, l&#8217;intimit\u00e0 personale e familiare e la propria immagine, nonch\u00e9 la norme in materia di concorrenza sleale e pubblicit\u00e0 illecita.<\/p>\n<p>Allo stesso modo, IL PROPRIETARIO DEL SITO declina ogni responsabilit\u00e0 riguardante le informazioni che si trovano al di fuori di questo sito e non sono gestite direttamente dal nostro webmaster. La funzione dei link che compaiono su questo sito \u00e8 esclusivamente quella di informare l&#8217;utente dell&#8217;esistenza di altre fonti che potrebbero ampliare i contenuti offerti da questo sito. IL PROPRIETARIO DEL SITO WEB non garantisce n\u00e9 \u00e8 responsabile del funzionamento o dell&#8217;accessibilit\u00e0 dei siti collegati; n\u00e9 suggerisce, invita o raccomanda una visita agli stessi, quindi non sar\u00e0 responsabile del risultato ottenuto. IL PROPRIETARIO DEL SITO WEB non \u00e8 responsabile della creazione di collegamenti ipertestuali da parte di terzi.<\/p>\n<p>4.2. PROCEDURA IN CASO DI SVOLGIMENTO DI ATTIVIT\u00c0 DI NATURA ILLECITA<br \/>\nNel caso in cui qualsiasi utente o terzo ritenga che esistano fatti o circostanze che rivelano la natura illecita dell&#8217;uso di qualsiasi contenuto e\/o dello svolgimento di qualsiasi attivit\u00e0 sulle pagine web incluse o accessibili attraverso il sito web, dovr\u00e0 Inviare una notifica al PROPRIETARIO DEL SITO, identificandosi debitamente e specificando le presunte violazioni.<\/p>\n<p>4.3. PUBBLICAZIONI<br \/>\nLe informazioni amministrative fornite attraverso il sito non sostituiscono la pubblicit\u00e0 legale delle leggi, dei regolamenti, dei piani, delle disposizioni generali e degli atti che devono essere formalmente pubblicati nelle riviste ufficiali delle pubbliche amministrazioni, che costituiscono l&#8217;unico strumento che ne attesta l&#8217;autenticit\u00e0 e contenuto. Le informazioni disponibili su questo sito web devono essere intese come guida senza validit\u00e0 legale.<\/p>\n<p>5. LEGISLAZIONE APPLICABILE<br \/>\nLe presenti condizioni saranno regolate dalla legislazione spagnola vigente. La lingua utilizzata sar\u00e0 lo spagnolo.<\/p>\n\t\t\t\t\t\t<\/div>\n\t\t\t\t<\/div>\n\t\t\t\t\t<\/div>\n\t\t<\/div>\n\t\t\t\t\t\t\t<\/div>\n\t\t<\/section>\n\t\t\t\t\t\t\t<\/div>\n\t\t","protected":false},"excerpt":{"rendered":"<p>AVVISO LEGALE 1. SCOPO Il presente avviso legale regola l&#8217;uso e l&#8217;utilizzo del sito web destinydecor.es , di propriet\u00e0 di Destiny Decor SL (di seguito IL PROPRIETARIO DEL SITO WEB). IL PROPRIETARIO DEL SITO mette a disposizione degli utenti il presente documento in conformit\u00e0 alle disposizioni del Regolamento (UE) 2016\/679 del Parlamento europeo e del [&hellip;]<\/p>\n","protected":false},"author":1,"featured_media":0,"parent":0,"menu_order":0,"comment_status":"closed","ping_status":"closed","template":"page-full-width.php","meta":{"footnotes":""},"class_list":["post-12294","page","type-page","status-publish","hentry"],"_links":{"self":[{"href":"https:\/\/destinydecor.es\/it\/wp-json\/wp\/v2\/pages\/12294","targetHints":{"allow":["GET"]}}],"collection":[{"href":"https:\/\/destinydecor.es\/it\/wp-json\/wp\/v2\/pages"}],"about":[{"href":"https:\/\/destinydecor.es\/it\/wp-json\/wp\/v2\/types\/page"}],"author":[{"embeddable":true,"href":"https:\/\/destinydecor.es\/it\/wp-json\/wp\/v2\/users\/1"}],"replies":[{"embeddable":true,"href":"https:\/\/destinydecor.es\/it\/wp-json\/wp\/v2\/comments?post=12294"}],"version-history":[{"count":3,"href":"https:\/\/destinydecor.es\/it\/wp-json\/wp\/v2\/pages\/12294\/revisions"}],"predecessor-version":[{"id":12297,"href":"https:\/\/destinydecor.es\/it\/wp-json\/wp\/v2\/pages\/12294\/revisions\/12297"}],"wp:attachment":[{"href":"https:\/\/destinydecor.es\/it\/wp-json\/wp\/v2\/media?parent=12294"}],"curies":[{"name":"wp","href":"https:\/\/api.w.org\/{rel}","templated":true}]}}